{"id":887,"date":"2024-05-24T17:01:43","date_gmt":"2024-05-24T17:01:43","guid":{"rendered":"https:\/\/ddruk.pl\/?page_id=887"},"modified":"2024-05-24T17:01:43","modified_gmt":"2024-05-24T17:01:43","slug":"metody-wysylki","status":"publish","type":"page","link":"https:\/\/ddruk.pl\/index.php\/metody-wysylki\/","title":{"rendered":"METODY WYSY\u0141KI"},"content":{"rendered":"\n<p>Obecnie wysy\u0142amy za pomoc\u0105 firmy kurierskiej inpost wy\u0142\u0105cznie na teren Polski. <\/p>\n\n\n\n<ul class=\"wp-block-list\">\n<li>paczkomat inpost 16z\u0142<\/li>\n\n\n\n<li>kurier inpost na adres 16z\u0142<\/li>\n<\/ul>\n\n\n\n<p>Darmowa wysy\u0142ka dla zam\u00f3wie\u0144 powy\u017cej 300z\u0142<\/p>\n","protected":false},"excerpt":{"rendered":"<p>Obecnie wysy\u0142amy za pomoc\u0105 firmy kurierskiej inpost wy\u0142\u0105cznie na teren Polski. Darmowa wysy\u0142ka dla zam\u00f3wie\u0144 powy\u017cej 300z\u0142<\/p>\n","protected":false},"author":1,"featured_media":0,"parent":0,"menu_order":0,"comment_status":"closed","ping_status":"closed","template":"","meta":{"footnotes":""},"class_list":["post-887","page","type-page","status-publish","hentry"],"blocksy_meta":[],"featured_image_urls":{"full":"","thumbnail":"","medium":"","medium_large":"","large":"","1536x1536":"","2048x2048":"","woocommerce_archive_thumbnail":"","woocommerce_thumbnail":"","woocommerce_single":"","woocommerce_gallery_thumbnail":""},"post_excerpt_stackable":"<p>Obecnie wysy\u0142amy za pomoc\u0105 firmy kurierskiej inpost wy\u0142\u0105cznie na teren Polski. paczkomat inpost 16z\u0142 kurier inpost na adres 16z\u0142 Darmowa wysy\u0142ka dla zam\u00f3wie\u0144 powy\u017cej 300z\u0142<\/p>\n","category_list":"","author_info":{"name":"admin7812","url":"https:\/\/ddruk.pl\/index.php\/author\/admin7812\/"},"comments_num":"0 comments","jetpack_sharing_enabled":true,"_links":{"self":[{"href":"https:\/\/ddruk.pl\/index.php\/wp-json\/wp\/v2\/pages\/887","targetHints":{"allow":["GET"]}}],"collection":[{"href":"https:\/\/ddruk.pl\/index.php\/wp-json\/wp\/v2\/pages"}],"about":[{"href":"https:\/\/ddruk.pl\/index.php\/wp-json\/wp\/v2\/types\/page"}],"author":[{"embeddable":true,"href":"https:\/\/ddruk.pl\/index.php\/wp-json\/wp\/v2\/users\/1"}],"replies":[{"embeddable":true,"href":"https:\/\/ddruk.pl\/index.php\/wp-json\/wp\/v2\/comments?post=887"}],"version-history":[{"count":1,"href":"https:\/\/ddruk.pl\/index.php\/wp-json\/wp\/v2\/pages\/887\/revisions"}],"predecessor-version":[{"id":889,"href":"https:\/\/ddruk.pl\/index.php\/wp-json\/wp\/v2\/pages\/887\/revisions\/889"}],"wp:attachment":[{"href":"https:\/\/ddruk.pl\/index.php\/wp-json\/wp\/v2\/media?parent=887"}],"curies":[{"name":"wp","href":"https:\/\/api.w.org\/{rel}","templated":true}]}}