{"id":890,"date":"2024-05-24T17:03:28","date_gmt":"2024-05-24T17:03:28","guid":{"rendered":"https:\/\/ddruk.pl\/?page_id=890"},"modified":"2024-05-24T17:03:28","modified_gmt":"2024-05-24T17:03:28","slug":"metody-zamawiania","status":"publish","type":"page","link":"https:\/\/ddruk.pl\/index.php\/metody-zamawiania\/","title":{"rendered":"METODY ZAMAWIANIA"},"content":{"rendered":"\n<p>Obecnie zam\u00f3wienie mo\u017cna op\u0142aci\u0107 przelewem na konto bankowe<\/p>\n\n\n\n<p>Zam\u00f3wienie mo\u017cna z\u0142o\u017cy\u0107:<\/p>\n\n\n\n<ul class=\"wp-block-list\">\n<li>poprzez stron\u0119 internetow\u0105<\/li>\n\n\n\n<li>mailowo: biuro.ddruk@gmail.com<\/li>\n\n\n\n<li>telefoniczne: 533-224-517<\/li>\n<\/ul>\n","protected":false},"excerpt":{"rendered":"<p>Obecnie zam\u00f3wienie mo\u017cna op\u0142aci\u0107 przelewem na konto bankowe Zam\u00f3wienie mo\u017cna z\u0142o\u017cy\u0107:<\/p>\n","protected":false},"author":1,"featured_media":0,"parent":0,"menu_order":0,"comment_status":"closed","ping_status":"closed","template":"","meta":{"footnotes":""},"class_list":["post-890","page","type-page","status-publish","hentry"],"blocksy_meta":[],"featured_image_urls":{"full":"","thumbnail":"","medium":"","medium_large":"","large":"","1536x1536":"","2048x2048":"","woocommerce_archive_thumbnail":"","woocommerce_thumbnail":"","woocommerce_single":"","woocommerce_gallery_thumbnail":""},"post_excerpt_stackable":"<p>Obecnie zam\u00f3wienie mo\u017cna op\u0142aci\u0107 przelewem na konto bankowe Zam\u00f3wienie mo\u017cna z\u0142o\u017cy\u0107: poprzez stron\u0119 internetow\u0105 mailowo: biuro.ddruk@gmail.com telefoniczne: 533-224-517<\/p>\n","category_list":"","author_info":{"name":"admin7812","url":"https:\/\/ddruk.pl\/index.php\/author\/admin7812\/"},"comments_num":"0 comments","jetpack_sharing_enabled":true,"_links":{"self":[{"href":"https:\/\/ddruk.pl\/index.php\/wp-json\/wp\/v2\/pages\/890","targetHints":{"allow":["GET"]}}],"collection":[{"href":"https:\/\/ddruk.pl\/index.php\/wp-json\/wp\/v2\/pages"}],"about":[{"href":"https:\/\/ddruk.pl\/index.php\/wp-json\/wp\/v2\/types\/page"}],"author":[{"embeddable":true,"href":"https:\/\/ddruk.pl\/index.php\/wp-json\/wp\/v2\/users\/1"}],"replies":[{"embeddable":true,"href":"https:\/\/ddruk.pl\/index.php\/wp-json\/wp\/v2\/comments?post=890"}],"version-history":[{"count":1,"href":"https:\/\/ddruk.pl\/index.php\/wp-json\/wp\/v2\/pages\/890\/revisions"}],"predecessor-version":[{"id":892,"href":"https:\/\/ddruk.pl\/index.php\/wp-json\/wp\/v2\/pages\/890\/revisions\/892"}],"wp:attachment":[{"href":"https:\/\/ddruk.pl\/index.php\/wp-json\/wp\/v2\/media?parent=890"}],"curies":[{"name":"wp","href":"https:\/\/api.w.org\/{rel}","templated":true}]}}